{"id":95,"date":"2021-04-24T17:53:32","date_gmt":"2021-04-24T15:53:32","guid":{"rendered":"http:\/\/www.electrocraft.fr\/?page_id=95"},"modified":"2021-04-24T18:41:13","modified_gmt":"2021-04-24T16:41:13","slug":"eco-mobility","status":"publish","type":"page","link":"https:\/\/www.electrocraft.fr\/index.php\/eco-mobility\/","title":{"rendered":"Eco Mobility"},"content":{"rendered":"\n<p>Exemple d&rsquo;atelier d\u00e9velopp\u00e9 our une \u00e9cole d&rsquo;ing\u00e9nieur<\/p>\n\n\n\n<p><\/p>\n\n\n\n<p class=\"has-text-align-left has-vivid-red-color has-text-color\"><strong>Projet OSCAR, la voiture Golem \u00e0 direction tangentielle<\/strong><\/p>\n\n\n\n<p><\/p>\n\n\n\n<p><\/p>\n\n\n\n<p class=\"has-text-align-left has-black-color has-text-color\"><strong>Sommaire<\/strong><\/p>\n\n\n\n<p><\/p>\n\n\n\n<ul class=\"has-black-color has-text-color\"><li>1. Une place dans la mobilit\u00e9<\/li><li>2. Economie Circulaire<\/li><li>3. Approche de la Bio-traction \u00c9conomique<\/li><li>4. Axiomes<\/li><li>5. Dessins<\/li><li>6. Budget<\/li><li>7. Conclusion <\/li><li>8. Annexe<\/li><\/ul>\n\n\n\n<p><\/p>\n\n\n\n<p><\/p>\n\n\n\n<div class=\"wp-block-file\"><a href=\"http:\/\/www.electrocraft.fr\/wp-content\/uploads\/2021\/04\/Projet-OScar-1.pdf\">Projet-OScar<\/a><a href=\"http:\/\/www.electrocraft.fr\/wp-content\/uploads\/2021\/04\/Projet-OScar-1.pdf\" class=\"wp-block-file__button\" download>T\u00e9l\u00e9charger<\/a><\/div>\n\n\n\n<p><\/p>\n","protected":false},"excerpt":{"rendered":"<p>Exemple d&rsquo;atelier d\u00e9velopp\u00e9 our une \u00e9cole d&rsquo;ing\u00e9nieur Projet OSCAR, la voiture Golem \u00e0 direction tangentielle Sommaire 1. Une place dans la mobilit\u00e9 2. Economie Circulaire 3. Approche de la Bio-traction \u00c9conomique 4. Axiomes 5. Dessins 6. Budget 7. Conclusion 8. Annexe<\/p>\n","protected":false},"author":1,"featured_media":0,"parent":0,"menu_order":0,"comment_status":"closed","ping_status":"closed","template":"","meta":{"footnotes":""},"_links":{"self":[{"href":"https:\/\/www.electrocraft.fr\/index.php\/wp-json\/wp\/v2\/pages\/95"}],"collection":[{"href":"https:\/\/www.electrocraft.fr\/index.php\/wp-json\/wp\/v2\/pages"}],"about":[{"href":"https:\/\/www.electrocraft.fr\/index.php\/wp-json\/wp\/v2\/types\/page"}],"author":[{"embeddable":true,"href":"https:\/\/www.electrocraft.fr\/index.php\/wp-json\/wp\/v2\/users\/1"}],"replies":[{"embeddable":true,"href":"https:\/\/www.electrocraft.fr\/index.php\/wp-json\/wp\/v2\/comments?post=95"}],"version-history":[{"count":7,"href":"https:\/\/www.electrocraft.fr\/index.php\/wp-json\/wp\/v2\/pages\/95\/revisions"}],"predecessor-version":[{"id":142,"href":"https:\/\/www.electrocraft.fr\/index.php\/wp-json\/wp\/v2\/pages\/95\/revisions\/142"}],"wp:attachment":[{"href":"https:\/\/www.electrocraft.fr\/index.php\/wp-json\/wp\/v2\/media?parent=95"}],"curies":[{"name":"wp","href":"https:\/\/api.w.org\/{rel}","templated":true}]}}