{"id":14,"date":"2021-02-19T15:19:37","date_gmt":"2021-02-19T14:19:37","guid":{"rendered":"http:\/\/www.electrocraft.fr\/?page_id=14"},"modified":"2023-09-08T13:55:58","modified_gmt":"2023-09-08T11:55:58","slug":"accueil","status":"publish","type":"page","link":"https:\/\/www.electrocraft.fr\/","title":{"rendered":"Hi !"},"content":{"rendered":"\n<div class=\"wp-block-group is-layout-flow wp-block-group-is-layout-flow\"><div class=\"wp-block-group__inner-container\">\n<div class=\"wp-block-columns is-layout-flex wp-container-5 wp-block-columns-is-layout-flex\">\n<div class=\"wp-block-column is-layout-flow wp-block-column-is-layout-flow\" style=\"flex-basis:100%\">\n<div class=\"wp-block-group is-layout-flow wp-block-group-is-layout-flow\"><div class=\"wp-block-group__inner-container\">\n<div class=\"wp-block-columns is-layout-flex wp-container-2 wp-block-columns-is-layout-flex\">\n<div class=\"wp-block-column is-layout-flow wp-block-column-is-layout-flow\" style=\"flex-basis:100%\">\n<p>Electrocraft accompagne depuis 10 ans l&rsquo;essor de la bi\u00e8re artisanale, ou Craft Beer<\/p>\n\n\n\n<p>Parce que la bi\u00e8re artisanale est quand m\u00eame vachement meilleure que ces boissons industrielles insipides<\/p>\n\n\n\n<p>Et la micro-brasserie est une activit\u00e9 dr\u00f4lement plus friendly que les r\u00e9unions PowerPoint de l&rsquo;agro-alimentaire<\/p>\n\n\n\n<p>Derri\u00e8re chaque bi\u00e8re il y a un brasseur qui fait des exp\u00e9riences<\/p>\n\n\n\n<p>Devant chacune on trouve un amateur plus ou moins gris<\/p>\n\n\n\n<p>Electrocraft est l\u00e0 pour vous, Hell Yeah !<\/p>\n<\/div>\n<\/div>\n<\/div><\/div>\n<\/div>\n<\/div>\n<\/div><\/div>\n","protected":false},"excerpt":{"rendered":"<p>Electrocraft accompagne depuis 10 ans l&rsquo;essor de la bi\u00e8re artisanale, ou Craft Beer Parce que la bi\u00e8re artisanale est quand m\u00eame vachement meilleure que ces boissons industrielles insipides Et la micro-brasserie est une activit\u00e9 dr\u00f4lement plus friendly que les r\u00e9unions PowerPoint de l&rsquo;agro-alimentaire Derri\u00e8re chaque bi\u00e8re il y a un brasseur qui fait des exp\u00e9riences &hellip; <\/p>\n<p class=\"link-more\"><a href=\"https:\/\/www.electrocraft.fr\/\" class=\"more-link\">Continuer la lecture<span class=\"screen-reader-text\"> de &laquo;&nbsp;Hi !&nbsp;&raquo;<\/span><\/a><\/p>\n","protected":false},"author":1,"featured_media":0,"parent":0,"menu_order":0,"comment_status":"closed","ping_status":"closed","template":"","meta":{"footnotes":""},"_links":{"self":[{"href":"https:\/\/www.electrocraft.fr\/index.php\/wp-json\/wp\/v2\/pages\/14"}],"collection":[{"href":"https:\/\/www.electrocraft.fr\/index.php\/wp-json\/wp\/v2\/pages"}],"about":[{"href":"https:\/\/www.electrocraft.fr\/index.php\/wp-json\/wp\/v2\/types\/page"}],"author":[{"embeddable":true,"href":"https:\/\/www.electrocraft.fr\/index.php\/wp-json\/wp\/v2\/users\/1"}],"replies":[{"embeddable":true,"href":"https:\/\/www.electrocraft.fr\/index.php\/wp-json\/wp\/v2\/comments?post=14"}],"version-history":[{"count":11,"href":"https:\/\/www.electrocraft.fr\/index.php\/wp-json\/wp\/v2\/pages\/14\/revisions"}],"predecessor-version":[{"id":159,"href":"https:\/\/www.electrocraft.fr\/index.php\/wp-json\/wp\/v2\/pages\/14\/revisions\/159"}],"wp:attachment":[{"href":"https:\/\/www.electrocraft.fr\/index.php\/wp-json\/wp\/v2\/media?parent=14"}],"curies":[{"name":"wp","href":"https:\/\/api.w.org\/{rel}","templated":true}]}}